{"id":4224,"date":"2017-12-28T14:46:59","date_gmt":"2017-12-28T14:46:59","guid":{"rendered":"https:\/\/www.antit.eu\/WEBANT\/?page_id=4224"},"modified":"2021-10-01T14:29:16","modified_gmt":"2021-10-01T14:29:16","slug":"desarrollos-tecnologicos-esam","status":"publish","type":"page","link":"https:\/\/www.antit.eu\/WEBANT\/es\/desarrollos-tecnologicos-esam\/","title":{"rendered":"Desarrollos Tecnol\u00f3gicos \u2013 e SAM"},"content":{"rendered":"<p class=\"x_MsoListParagraph\">&#8211;\u00a0\u00a0\u00a0\u00a0\u00a0\u00a0\u00a0\u00a0\u00a0 Informes predefinidos: ranking, an\u00e1lisis por mercados, segmentos, canales, geograf\u00eda, etc.<\/p>\n<p class=\"x_MsoListParagraph\">&#8211;\u00a0\u00a0\u00a0\u00a0\u00a0\u00a0\u00a0\u00a0\u00a0 Informes a medida creados on-line por el propio usuario.<\/p>\n<p class=\"x_MsoListParagraph\">&#8211;\u00a0\u00a0\u00a0\u00a0\u00a0\u00a0\u00a0\u00a0\u00a0 M\u00faltiples formatos de visualizaci\u00f3n de datos: listados y gr\u00e1ficos din\u00e1micos con filtrado inmediato, accesible desde terminales m\u00f3viles.<\/p>\n<p class=\"x_MsoListParagraph\">&#8211;\u00a0\u00a0\u00a0\u00a0\u00a0\u00a0\u00a0\u00a0\u00a0 Integraci\u00f3n de la red de concesionarios y definici\u00f3n de sus zonas de influencia.<\/p>\n<p class=\"x_MsoListParagraph\">&#8211;\u00a0\u00a0\u00a0\u00a0\u00a0\u00a0\u00a0\u00a0\u00a0 Veh\u00edculos comerciales: informes por carroceros y tipos de transformaci\u00f3n.<\/p>\n<p class=\"x_MsoListParagraph\">&#8211;\u00a0\u00a0\u00a0\u00a0\u00a0\u00a0\u00a0\u00a0\u00a0 B\u00fasquedas por n\u00famero de bastidor, con historial de transferencias y bajas.<\/p>\n<p class=\"x_MsoListParagraph\">&#8211;\u00a0\u00a0\u00a0\u00a0\u00a0\u00a0\u00a0\u00a0\u00a0 La integraci\u00f3n con la Plataforma ANTit-eITV\u00ae permite identificar el concesionario real de cada matriculaci\u00f3n, superando los antiguos m\u00e9todos de simulaci\u00f3n geogr\u00e1fica que emplean otros proveedores.<\/p>\n","protected":false},"excerpt":{"rendered":"<p>&#8211;\u00a0\u00a0\u00a0\u00a0\u00a0\u00a0\u00a0\u00a0\u00a0 Informes predefinidos: ranking, an\u00e1lisis por mercados, segmentos, canales, geograf\u00eda, etc. &#8211;\u00a0\u00a0\u00a0\u00a0\u00a0\u00a0\u00a0\u00a0\u00a0 Informes a medida creados on-line por el propio usuario. &#8211;\u00a0\u00a0\u00a0\u00a0\u00a0\u00a0\u00a0\u00a0\u00a0 M\u00faltiples formatos de visualizaci\u00f3n de datos: listados y gr\u00e1ficos din\u00e1micos con filtrado inmediato, accesible desde terminales m\u00f3viles. &#8211;\u00a0\u00a0\u00a0\u00a0\u00a0\u00a0\u00a0\u00a0\u00a0 Integraci\u00f3n de la red de concesionarios y definici\u00f3n de sus zonas de influencia. &#8211;\u00a0\u00a0\u00a0\u00a0\u00a0\u00a0\u00a0\u00a0\u00a0 Veh\u00edculos [&hellip;]<\/p>\n","protected":false},"author":1,"featured_media":0,"parent":0,"menu_order":0,"comment_status":"open","ping_status":"open","template":"theme-SAM.php","meta":{"footnotes":""},"class_list":["post-4224","page","type-page","status-publish","hentry"],"_links":{"self":[{"href":"https:\/\/www.antit.eu\/WEBANT\/es\/wp-json\/wp\/v2\/pages\/4224","targetHints":{"allow":["GET"]}}],"collection":[{"href":"https:\/\/www.antit.eu\/WEBANT\/es\/wp-json\/wp\/v2\/pages"}],"about":[{"href":"https:\/\/www.antit.eu\/WEBANT\/es\/wp-json\/wp\/v2\/types\/page"}],"author":[{"embeddable":true,"href":"https:\/\/www.antit.eu\/WEBANT\/es\/wp-json\/wp\/v2\/users\/1"}],"replies":[{"embeddable":true,"href":"https:\/\/www.antit.eu\/WEBANT\/es\/wp-json\/wp\/v2\/comments?post=4224"}],"version-history":[{"count":100,"href":"https:\/\/www.antit.eu\/WEBANT\/es\/wp-json\/wp\/v2\/pages\/4224\/revisions"}],"predecessor-version":[{"id":5437,"href":"https:\/\/www.antit.eu\/WEBANT\/es\/wp-json\/wp\/v2\/pages\/4224\/revisions\/5437"}],"wp:attachment":[{"href":"https:\/\/www.antit.eu\/WEBANT\/es\/wp-json\/wp\/v2\/media?parent=4224"}],"curies":[{"name":"wp","href":"https:\/\/api.w.org\/{rel}","templated":true}]}}