{"id":5441,"date":"2021-11-24T19:09:09","date_gmt":"2021-11-24T19:09:09","guid":{"rendered":"https:\/\/pruebas.antit.eu\/WEBANT\/?page_id=5441"},"modified":"2025-07-15T09:16:57","modified_gmt":"2025-07-15T09:16:57","slug":"blog-noticias","status":"publish","type":"page","link":"https:\/\/www.antit.eu\/WEBANT\/es\/blog\/blog-noticias\/","title":{"rendered":"Blog &#038; Noticias"},"content":{"rendered":"<p><\/p>\n<p>\u23e9 Si quieres hacer un seguimiento detallado de la normativa publicada, ponemos a tu disposici\u00f3n nuestra \ud835\uddea\ud835\uddd8\ud835\uddd5 \ud835\uddd4\ud835\udde1\ud835\udde7 \ud835\udde5\ud835\uddf2\ud835\uddf4\ud835\ude02\ud835\uddf9\ud835\uddee\ud835\ude01\ud835\uddf6\ud835\uddfc\ud835\uddfb\u00ae, con nuestra WEB podr\u00e1s:<\/p>\n<p>\u2705 Acceder a nuestro servicio de circulares, mediante<br \/>\nel cual de una manera f\u00e1cil y resumida conocer\u00e1s la principal informaci\u00f3n de las novedades de la norma publicada<br \/>\n\u2705 Llegar\u00e1s a poder consultar el hist\u00f3rico de normativa europea y nacional<br \/>\n\u2705 Dispondr\u00e1s del servicio de acceso a todas las novedades de normativa europea y nacional publicadas. <\/p>\n<p>Si quieres conocer c\u00f3mo funciona, y quieres que te hagamos una demostraci\u00f3n, contacta con nosotros en \ud835\uddee\ud835\uddfb\ud835\ude01@\ud835\uddee\ud835\uddfb\ud835\ude01\ud835\uddf6\ud835\ude01.\ud835\uddf2\ud835\ude02. Estaremos encantados de poder hacerte una demostraci\u00f3n y darte a conocer la inversi\u00f3n necesaria para disfrutar de este servicio.<\/p>\n<p><a class=\"cWZyzrGsTDzyVImkoTAmsQWSxoiLMowIPnLKJKLc \" tabindex=\"0\" href=\"https:\/\/www.linkedin.com\/search\/results\/all\/?keywords=%23homologaci%C3%B3ndeveh%C3%ADculos&amp;origin=HASH_TAG_FROM_FEED\" data-test-app-aware-link=\"\"><span class=\"visually-hidden\">hashtag<\/span><span aria-hidden=\"true\">#<\/span>Homologaci\u00f3nDeVeh\u00edculos<\/a><br \/>\n<a class=\"cWZyzrGsTDzyVImkoTAmsQWSxoiLMowIPnLKJKLc \" tabindex=\"0\" href=\"https:\/\/www.linkedin.com\/search\/results\/all\/?keywords=%23reglamentaci%C3%B3nt%C3%A9cnicadeveh%C3%ADculos&amp;origin=HASH_TAG_FROM_FEED\" data-test-app-aware-link=\"\"><span class=\"visually-hidden\">hashtag<\/span><span aria-hidden=\"true\">#<\/span>Reglamentaci\u00f3nT\u00e9cnicaDeVeh\u00edculos<\/a><br \/>\n<a class=\"cWZyzrGsTDzyVImkoTAmsQWSxoiLMowIPnLKJKLc \" tabindex=\"0\" href=\"https:\/\/www.linkedin.com\/search\/results\/all\/?keywords=%23antregulationweb&amp;origin=HASH_TAG_FROM_FEED\" data-test-app-aware-link=\"\"><span class=\"visually-hidden\">hashtag<\/span><span aria-hidden=\"true\">#<\/span>ANTRegulationWEB<\/a><\/p>\n<p><img decoding=\"async\" src=\"https:\/\/media.licdn.com\/dms\/image\/v2\/D4D22AQGqK5yEppJ9fQ\/feedshare-shrink_2048_1536\/B4DZfBUzfBGgAo-\/0\/1751295146697?e=1755734400&amp;v=beta&amp;t=Qa-CAPcz2p7O9HtwdpBeWaBEw0wpJlEtEEamRYUG-8U\" alt=\"No hay descripci\u00f3n alternativa para esta imagen\" \/><\/p>\n<p>&nbsp;<\/p>\n<p><\/p>","protected":false},"excerpt":{"rendered":"<p>\u23e9 Si quieres hacer un seguimiento detallado de la normativa publicada, ponemos a tu disposici\u00f3n nuestra \ud835\uddea\ud835\uddd8\ud835\uddd5 \ud835\uddd4\ud835\udde1\ud835\udde7 \ud835\udde5\ud835\uddf2\ud835\uddf4\ud835\ude02\ud835\uddf9\ud835\uddee\ud835\ude01\ud835\uddf6\ud835\uddfc\ud835\uddfb\u00ae, con nuestra WEB podr\u00e1s: \u2705 Acceder a nuestro servicio de circulares, mediante el cual de una manera f\u00e1cil y resumida conocer\u00e1s la principal informaci\u00f3n de las novedades de la norma publicada \u2705 Llegar\u00e1s a poder consultar [&hellip;]<\/p>\n","protected":false},"author":1,"featured_media":8729,"parent":5087,"menu_order":0,"comment_status":"closed","ping_status":"closed","template":"theme-blog-noticias.php","meta":{"footnotes":""},"class_list":["post-5441","page","type-page","status-publish","has-post-thumbnail","hentry"],"_links":{"self":[{"href":"https:\/\/www.antit.eu\/WEBANT\/es\/wp-json\/wp\/v2\/pages\/5441","targetHints":{"allow":["GET"]}}],"collection":[{"href":"https:\/\/www.antit.eu\/WEBANT\/es\/wp-json\/wp\/v2\/pages"}],"about":[{"href":"https:\/\/www.antit.eu\/WEBANT\/es\/wp-json\/wp\/v2\/types\/page"}],"author":[{"embeddable":true,"href":"https:\/\/www.antit.eu\/WEBANT\/es\/wp-json\/wp\/v2\/users\/1"}],"replies":[{"embeddable":true,"href":"https:\/\/www.antit.eu\/WEBANT\/es\/wp-json\/wp\/v2\/comments?post=5441"}],"version-history":[{"count":2,"href":"https:\/\/www.antit.eu\/WEBANT\/es\/wp-json\/wp\/v2\/pages\/5441\/revisions"}],"predecessor-version":[{"id":8730,"href":"https:\/\/www.antit.eu\/WEBANT\/es\/wp-json\/wp\/v2\/pages\/5441\/revisions\/8730"}],"up":[{"embeddable":true,"href":"https:\/\/www.antit.eu\/WEBANT\/es\/wp-json\/wp\/v2\/pages\/5087"}],"wp:featuredmedia":[{"embeddable":true,"href":"https:\/\/www.antit.eu\/WEBANT\/es\/wp-json\/wp\/v2\/media\/8729"}],"wp:attachment":[{"href":"https:\/\/www.antit.eu\/WEBANT\/es\/wp-json\/wp\/v2\/media?parent=5441"}],"curies":[{"name":"wp","href":"https:\/\/api.w.org\/{rel}","templated":true}]}}